{"id":530,"date":"2024-11-04T08:57:56","date_gmt":"2024-11-04T08:57:56","guid":{"rendered":"https:\/\/demo.casethemes.net\/agenzio\/?page_id=530"},"modified":"2025-06-13T18:12:36","modified_gmt":"2025-06-13T18:12:36","slug":"news-pr","status":"publish","type":"page","link":"https:\/\/verben.com\/es\/news-pr\/","title":{"rendered":"NewsPR"},"content":{"rendered":"<div data-elementor-type=\"wp-page\" data-elementor-id=\"530\" class=\"elementor elementor-530\">\n\t\t\t\t        <section class=\"elementor-section elementor-top-section elementor-element elementor-element-ce2cd6f elementor-section-full_width elementor-section-stretched elementor-section-height-default elementor-section-height-default pxl-row-scroll-none pxl-zoom-point-false pxl-section-overflow-visible pxl-section-fix-none pxl-full-content-with-space-none pxl-bg-color-none pxl-section-overlay-none\" data-id=\"ce2cd6f\" data-element_type=\"section\" data-settings=\"{&quot;stretch_section&quot;:&quot;section-stretched&quot;}\">\n\n                \n                <div class=\"elementor-container elementor-column-gap-no\">\n                <div class=\"elementor-column elementor-col-100 elementor-top-column elementor-element elementor-element-58ded43 pxl-column-none\" data-id=\"58ded43\" data-element_type=\"column\">\r\n        <div class=\"elementor-widget-wrap elementor-element-populated\">\r\n                     \r\n        \t\t<div class=\"elementor-element elementor-element-9058fe0 elementor-absolute elementor-widget elementor-widget-pxl_banner\" data-id=\"9058fe0\" data-element_type=\"widget\" data-settings=\"{&quot;_position&quot;:&quot;absolute&quot;}\" data-widget_type=\"pxl_banner.default\">\n\t\t\t\t<div class=\"elementor-widget-container\">\n\t\t\t\t\t<div class=\"pxl-banner pxl-banner1\">\r\n\t<div class=\"pxl-box-inner style1\" data-wow-delay=\"ms\">\r\n\t\t\t\t\t<div class=\"pxl-item--imgprimary\">\r\n\t\t\t\t<img fetchpriority=\"high\" decoding=\"async\" width=\"1920\" height=\"620\" src=\"https:\/\/verben.com\/wp-content\/uploads\/2024\/10\/smoke1.png\" class=\"attachment-full\" alt=\"\" srcset=\"https:\/\/verben.com\/wp-content\/uploads\/2024\/10\/smoke1.png 1920w, https:\/\/verben.com\/wp-content\/uploads\/2024\/10\/smoke1-600x194.png 600w\" sizes=\"(max-width: 1920px) 100vw, 1920px\" \/>\t\t\t<\/div>\r\n\t\t\t<div class=\"pxl-item--imgprimary ag-smoke__delay-1\">\r\n\t\t\t\t<img fetchpriority=\"high\" decoding=\"async\" width=\"1920\" height=\"620\" src=\"https:\/\/verben.com\/wp-content\/uploads\/2024\/10\/smoke1.png\" class=\"attachment-full\" alt=\"\" srcset=\"https:\/\/verben.com\/wp-content\/uploads\/2024\/10\/smoke1.png 1920w, https:\/\/verben.com\/wp-content\/uploads\/2024\/10\/smoke1-600x194.png 600w\" sizes=\"(max-width: 1920px) 100vw, 1920px\" \/>\t\t\t<\/div>\r\n\t\t\t<div class=\"pxl-item--imgprimary ag-smoke__delay-2\">\r\n\t\t\t\t<img fetchpriority=\"high\" decoding=\"async\" width=\"1920\" height=\"620\" src=\"https:\/\/verben.com\/wp-content\/uploads\/2024\/10\/smoke1.png\" class=\"attachment-full\" alt=\"\" srcset=\"https:\/\/verben.com\/wp-content\/uploads\/2024\/10\/smoke1.png 1920w, https:\/\/verben.com\/wp-content\/uploads\/2024\/10\/smoke1-600x194.png 600w\" sizes=\"(max-width: 1920px) 100vw, 1920px\" \/>\t\t\t<\/div>\r\n\t\t\t<\/div>\r\n<\/div>\t\t\t\t<\/div>\n\t\t\t\t<\/div>\n\t\t            <\/div>\r\n        <\/div>\r\n        \t\t\t<\/div>\n\t\t<\/section>\n\t\t        <section class=\"elementor-section elementor-top-section elementor-element elementor-element-58da12e elementor-section-stretched elementor-section-boxed elementor-section-height-default elementor-section-height-default pxl-row-scroll-none pxl-zoom-point-false pxl-section-overflow-visible pxl-section-fix-none pxl-bg-color-none pxl-section-overlay-none\" data-id=\"58da12e\" data-element_type=\"section\" data-settings=\"{&quot;stretch_section&quot;:&quot;section-stretched&quot;}\">\n\n                \n                <div class=\"elementor-container elementor-column-gap-extended\">\n                <div class=\"elementor-column elementor-col-100 elementor-top-column elementor-element elementor-element-f25eb03 pxl-column-none pxl-column-overflow-hidden-no\" data-id=\"f25eb03\" data-element_type=\"column\">\r\n        <div class=\"elementor-widget-wrap elementor-element-populated\">\r\n                     \r\n        \t\t<div class=\"elementor-element elementor-element-4c34cd0 pxl-post-layout-post-1 elementor-widget elementor-widget-pxl_post_grid\" data-id=\"4c34cd0\" data-element_type=\"widget\" data-widget_type=\"pxl_post_grid.default\">\n\t\t\t\t<div class=\"elementor-widget-container\">\n\t\t\t\t\t\n<div id=\"pxl_post_grid-4c34cd0-7561\" class=\"pxl-grid pxl-blog-grid pxl-blog-grid-layout1 pxl-blog-style1\" data-start-page=\"1\" data-max-pages=\"1\" data-total=\"6\" data-perpage=\"6\" data-next-link=\"\" data-loadmore=\"{&quot;tax&quot;:[&quot;category&quot;],&quot;post_type&quot;:&quot;post&quot;,&quot;layout&quot;:&quot;post-1&quot;,&quot;startPage&quot;:1,&quot;maxPages&quot;:1,&quot;total&quot;:6,&quot;filter&quot;:&quot;false&quot;,&quot;filter_type&quot;:&quot;normal&quot;,&quot;perpage&quot;:6,&quot;nextLink&quot;:&quot;&quot;,&quot;source&quot;:&quot;&quot;,&quot;orderby&quot;:&quot;date&quot;,&quot;order&quot;:&quot;desc&quot;,&quot;limit&quot;:6,&quot;post_ids&quot;:[],&quot;col_xl&quot;:4,&quot;col_lg&quot;:4,&quot;col_md&quot;:6,&quot;col_sm&quot;:6,&quot;col_xs&quot;:12,&quot;pagination_type&quot;:&quot;pagination&quot;,&quot;show_date&quot;:&quot;&quot;,&quot;show_tags&quot;:&quot;&quot;,&quot;show_author&quot;:&quot;true&quot;,&quot;img_size&quot;:&quot;&quot;,&quot;grid_masonry&quot;:&quot;&quot;,&quot;pxl_animate&quot;:&quot;&quot;}\">\n    \n    <div class=\"pxl-grid-inner pxl-grid-masonry row\" data-gutter=\"15\">\n        <div class=\"grid-sizer col-xl-4 col-lg-4 col-md-6 col-sm-6 col-12\"><\/div>\n                    <div class=\"pxl-grid-item col-xl-4 col-lg-4 col-md-6 col-sm-6 col-12 uncategorized\">\n                <div class=\"pxl-post--inner\" data-wow-duration=\"1.2s\">\n                                            <div class=\"pxl-post--featured\">\n                            <a class=\"pxl-img-link\" href=\"https:\/\/verben.com\/es\/luciana-seclen-se-suma-como-coo-a-verben-solutions\/\"><img decoding=\"async\" class=\"\" src=\"https:\/\/verben.com\/wp-content\/uploads\/2025\/06\/l_s-762x781.jpg\" width=\"762\" height=\"781\" alt=\"l_s\" title=\"l_s\" \/><\/a>\n                                                                                <\/div>\n                                        <div class=\"pxl-item-content\">\n                        <h3 class=\"pxl-post--title title-hover-line\"><a href=\"https:\/\/verben.com\/es\/luciana-seclen-se-suma-como-coo-a-verben-solutions\/\">Luciana Seclen se suma como COO a Verben Solutions<\/a><\/h3>\n                        <div class=\"pxl-post--meta\">\n                                                        <span>by<\/span>\n                                                            <div class=\"pxl-post--author pxl-flex\">\n                                    <div class=\"pxl-author-meta\">\n                                        <a href=\"https:\/\/verben.com\/es\/author\/verben\/\">Verben Solutions<\/a>\n                                    <\/div>\n                                <\/div>\n                                                    <\/div>\n                    <\/div>\n                <\/div>\n            <\/div>\n                    <div class=\"pxl-grid-item col-xl-4 col-lg-4 col-md-6 col-sm-6 col-12 uncategorized\">\n                <div class=\"pxl-post--inner\" data-wow-duration=\"1.2s\">\n                                            <div class=\"pxl-post--featured\">\n                            <a class=\"pxl-img-link\" href=\"https:\/\/verben.com\/es\/federico-torregiani-de-verben-solutions-ctv-en-mexico-aun-esta-en-etapa-madurativa-pero-tiene-un-enorme-potencial\/\"><img decoding=\"async\" class=\"\" src=\"https:\/\/verben.com\/wp-content\/uploads\/2025\/06\/fede_insider-762x781.jpg\" width=\"762\" height=\"781\" alt=\"fede_insider\" title=\"fede_insider\" \/><\/a>\n                                                                                <\/div>\n                                        <div class=\"pxl-item-content\">\n                        <h3 class=\"pxl-post--title title-hover-line\"><a href=\"https:\/\/verben.com\/es\/federico-torregiani-de-verben-solutions-ctv-en-mexico-aun-esta-en-etapa-madurativa-pero-tiene-un-enorme-potencial\/\">Federico Torregiani de Verben Solutions: \u201cCTV en M\u00e9xico a\u00fan est\u00e1 en etapa madurativa, pero tiene un enorme potencial\u201d<\/a><\/h3>\n                        <div class=\"pxl-post--meta\">\n                                                        <span>by<\/span>\n                                                            <div class=\"pxl-post--author pxl-flex\">\n                                    <div class=\"pxl-author-meta\">\n                                        <a href=\"https:\/\/verben.com\/es\/author\/verben\/\">Verben Solutions<\/a>\n                                    <\/div>\n                                <\/div>\n                                                    <\/div>\n                    <\/div>\n                <\/div>\n            <\/div>\n                    <div class=\"pxl-grid-item col-xl-4 col-lg-4 col-md-6 col-sm-6 col-12 uncategorized\">\n                <div class=\"pxl-post--inner\" data-wow-duration=\"1.2s\">\n                                            <div class=\"pxl-post--featured\">\n                            <a class=\"pxl-img-link\" href=\"https:\/\/verben.com\/es\/tenemos-una-agenda-muy-interesante-y-con-mucha-atencion-enfocada-en-lo-que-es-la-data-y-la-inteligencia-artificial\/\"><img loading=\"lazy\" decoding=\"async\" class=\"\" src=\"https:\/\/verben.com\/wp-content\/uploads\/2025\/06\/mma_ig-762x781.jpg\" width=\"762\" height=\"781\" alt=\"mma_ig\" title=\"mma_ig\" \/><\/a>\n                                                                                <\/div>\n                                        <div class=\"pxl-item-content\">\n                        <h3 class=\"pxl-post--title title-hover-line\"><a href=\"https:\/\/verben.com\/es\/tenemos-una-agenda-muy-interesante-y-con-mucha-atencion-enfocada-en-lo-que-es-la-data-y-la-inteligencia-artificial\/\">Tenemos una agenda muy interesante y con mucha atenci\u00f3n enfocada en lo que es la data y la inteligencia artificial.<\/a><\/h3>\n                        <div class=\"pxl-post--meta\">\n                                                        <span>by<\/span>\n                                                            <div class=\"pxl-post--author pxl-flex\">\n                                    <div class=\"pxl-author-meta\">\n                                        <a href=\"https:\/\/verben.com\/es\/author\/verben\/\">Verben Solutions<\/a>\n                                    <\/div>\n                                <\/div>\n                                                    <\/div>\n                    <\/div>\n                <\/div>\n            <\/div>\n                    <div class=\"pxl-grid-item col-xl-4 col-lg-4 col-md-6 col-sm-6 col-12 uncategorized\">\n                <div class=\"pxl-post--inner\" data-wow-duration=\"1.2s\">\n                                            <div class=\"pxl-post--featured\">\n                            <a class=\"pxl-img-link\" href=\"https:\/\/verben.com\/es\/01-2\/\"><img loading=\"lazy\" decoding=\"async\" class=\"\" src=\"https:\/\/verben.com\/wp-content\/uploads\/2024\/11\/DSC08453-scaled-762x781.jpg\" width=\"762\" height=\"781\" alt=\"DSC08453\" title=\"DSC08453\" \/><\/a>\n                                                                                <\/div>\n                                        <div class=\"pxl-item-content\">\n                        <h3 class=\"pxl-post--title title-hover-line\"><a href=\"https:\/\/verben.com\/es\/01-2\/\">Pablo Tisera llega para consolidar el liderazgo de Verben Solutions impulsando la innovaci\u00f3n en publicidad digital<\/a><\/h3>\n                        <div class=\"pxl-post--meta\">\n                                                        <span>by<\/span>\n                                                            <div class=\"pxl-post--author pxl-flex\">\n                                    <div class=\"pxl-author-meta\">\n                                        <a href=\"https:\/\/verben.com\/es\/author\/verben\/\">Verben Solutions<\/a>\n                                    <\/div>\n                                <\/div>\n                                                    <\/div>\n                    <\/div>\n                <\/div>\n            <\/div>\n                    <div class=\"pxl-grid-item col-xl-4 col-lg-4 col-md-6 col-sm-6 col-12 uncategorized\">\n                <div class=\"pxl-post--inner\" data-wow-duration=\"1.2s\">\n                                            <div class=\"pxl-post--featured\">\n                            <a class=\"pxl-img-link\" href=\"https:\/\/verben.com\/es\/el-iab-now-2024-adelanto-las-tendencias-e-innovaciones-del-marketing-digital\/\"><img loading=\"lazy\" decoding=\"async\" class=\"\" src=\"https:\/\/verben.com\/wp-content\/uploads\/2025\/06\/iabdia1-762x781.jpg\" width=\"762\" height=\"781\" alt=\"iabdia1\" title=\"iabdia1\" \/><\/a>\n                                                                                <\/div>\n                                        <div class=\"pxl-item-content\">\n                        <h3 class=\"pxl-post--title title-hover-line\"><a href=\"https:\/\/verben.com\/es\/el-iab-now-2024-adelanto-las-tendencias-e-innovaciones-del-marketing-digital\/\">El IAB Now 2024 adelant\u00f3 las tendencias e innovaciones del marketing digital<\/a><\/h3>\n                        <div class=\"pxl-post--meta\">\n                                                        <span>by<\/span>\n                                                            <div class=\"pxl-post--author pxl-flex\">\n                                    <div class=\"pxl-author-meta\">\n                                        <a href=\"https:\/\/verben.com\/es\/author\/verben\/\">Verben Solutions<\/a>\n                                    <\/div>\n                                <\/div>\n                                                    <\/div>\n                    <\/div>\n                <\/div>\n            <\/div>\n                    <div class=\"pxl-grid-item col-xl-4 col-lg-4 col-md-6 col-sm-6 col-12 uncategorized\">\n                <div class=\"pxl-post--inner\" data-wow-duration=\"1.2s\">\n                                            <div class=\"pxl-post--featured\">\n                            <a class=\"pxl-img-link\" href=\"https:\/\/verben.com\/es\/buenos-aires-sede-de-la-primera-mision-de-iab-cono-sur-del-2025\/\"><img loading=\"lazy\" decoding=\"async\" class=\"\" src=\"https:\/\/verben.com\/wp-content\/uploads\/2025\/06\/Mision-IAB-Cono-Sur-en-Buenos-Aires-Dia-1-762x781.jpeg\" width=\"762\" height=\"781\" alt=\"Mision-IAB-Cono-Sur-en-Buenos-Aires-Dia-1\" title=\"Mision-IAB-Cono-Sur-en-Buenos-Aires-Dia-1\" \/><\/a>\n                                                                                <\/div>\n                                        <div class=\"pxl-item-content\">\n                        <h3 class=\"pxl-post--title title-hover-line\"><a href=\"https:\/\/verben.com\/es\/buenos-aires-sede-de-la-primera-mision-de-iab-cono-sur-del-2025\/\">Buenos Aires, sede de la primera misi\u00f3n de IAB Cono Sur del 2025<\/a><\/h3>\n                        <div class=\"pxl-post--meta\">\n                                                        <span>by<\/span>\n                                                            <div class=\"pxl-post--author pxl-flex\">\n                                    <div class=\"pxl-author-meta\">\n                                        <a href=\"https:\/\/verben.com\/es\/author\/verben\/\">Verben Solutions<\/a>\n                                    <\/div>\n                                <\/div>\n                                                    <\/div>\n                    <\/div>\n                <\/div>\n            <\/div>\n            <\/div>\n            <div class=\"pxl-grid-pagination\">\n                    <\/div>\n        <\/div>\t\t\t\t<\/div>\n\t\t\t\t<\/div>\n\t\t            <\/div>\r\n        <\/div>\r\n        \t\t\t<\/div>\n\t\t<\/section>\n\t\t\t\t<\/div>","protected":false},"excerpt":{"rendered":"<p>We conduct usability tests with real users to identify by admin We provide an end-to-end UX solution that covers by admin From research to wireframing, testing, and final design by admin Aesthetically pleasing interfaces that are proven by admin Is it Appropriate to have a personal Brand or not. by admin We prioritize your users&#8217; [&hellip;]<\/p>","protected":false},"author":1,"featured_media":0,"parent":0,"menu_order":0,"comment_status":"closed","ping_status":"closed","template":"","meta":{"pagelayer_contact_templates":[],"_pagelayer_content":"","footnotes":""},"class_list":["post-530","page","type-page","status-publish","hentry"],"_links":{"self":[{"href":"https:\/\/verben.com\/es\/wp-json\/wp\/v2\/pages\/530","targetHints":{"allow":["GET"]}}],"collection":[{"href":"https:\/\/verben.com\/es\/wp-json\/wp\/v2\/pages"}],"about":[{"href":"https:\/\/verben.com\/es\/wp-json\/wp\/v2\/types\/page"}],"author":[{"embeddable":true,"href":"https:\/\/verben.com\/es\/wp-json\/wp\/v2\/users\/1"}],"replies":[{"embeddable":true,"href":"https:\/\/verben.com\/es\/wp-json\/wp\/v2\/comments?post=530"}],"version-history":[{"count":5,"href":"https:\/\/verben.com\/es\/wp-json\/wp\/v2\/pages\/530\/revisions"}],"predecessor-version":[{"id":6064,"href":"https:\/\/verben.com\/es\/wp-json\/wp\/v2\/pages\/530\/revisions\/6064"}],"wp:attachment":[{"href":"https:\/\/verben.com\/es\/wp-json\/wp\/v2\/media?parent=530"}],"curies":[{"name":"wp","href":"https:\/\/api.w.org\/{rel}","templated":true}]}}